{"id":45,"date":"2020-04-13T13:56:57","date_gmt":"2020-04-13T13:56:57","guid":{"rendered":"https:\/\/blogs.rollins.edu\/bakermuseum\/?page_id=45"},"modified":"2020-10-23T13:38:15","modified_gmt":"2020-10-23T13:38:15","slug":"stone-from-the-interior-of-the-mosque-of-sultan-hassan-cairo","status":"publish","type":"page","link":"https:\/\/blogs.rollins.edu\/bakermuseum\/the-reeve-bequest\/1889-1890-grand-tour-of-the-eastern-mediterranean\/stone-from-the-interior-of-the-mosque-of-sultan-hassan-cairo\/","title":{"rendered":"Stone from the Interior of the Mosque of Sultan Hassan &#8211; Cairo"},"content":{"rendered":"\n<figure class=\"wp-block-gallery columns-3 is-cropped wp-block-gallery-1 is-layout-flex wp-block-gallery-is-layout-flex\"><ul class=\"blocks-gallery-grid\"><li class=\"blocks-gallery-item\"><figure><img loading=\"lazy\" decoding=\"async\" width=\"768\" height=\"1024\" src=\"https:\/\/blogs.rollins.edu\/bakermuseum\/wp-content\/uploads\/2020\/05\/Stone-Cannister-768x1024.jpg\" alt=\"\" data-id=\"298\" data-full-url=\"https:\/\/blogs.rollins.edu\/bakermuseum\/wp-content\/uploads\/2020\/05\/Stone-Cannister-scaled.jpg\" data-link=\"https:\/\/blogs.rollins.edu\/bakermuseum\/the-reeve-bequest\/artifacts-in-the-reeve-bequest\/stone-from-the-interior-of-the-mosque-of-sultan-hassan-cairo\/stone-cannister\/\" class=\"wp-image-298\" srcset=\"https:\/\/blogs.rollins.edu\/bakermuseum\/wp-content\/uploads\/2020\/05\/Stone-Cannister-768x1024.jpg 768w, https:\/\/blogs.rollins.edu\/bakermuseum\/wp-content\/uploads\/2020\/05\/Stone-Cannister-225x300.jpg 225w, https:\/\/blogs.rollins.edu\/bakermuseum\/wp-content\/uploads\/2020\/05\/Stone-Cannister-1152x1536.jpg 1152w, https:\/\/blogs.rollins.edu\/bakermuseum\/wp-content\/uploads\/2020\/05\/Stone-Cannister-1536x2048.jpg 1536w, https:\/\/blogs.rollins.edu\/bakermuseum\/wp-content\/uploads\/2020\/05\/Stone-Cannister-1x1.jpg 1w, https:\/\/blogs.rollins.edu\/bakermuseum\/wp-content\/uploads\/2020\/05\/Stone-Cannister-scaled.jpg 1920w\" sizes=\"auto, (max-width: 768px) 100vw, 768px\" \/><figcaption class=\"blocks-gallery-item__caption\">Canister with Reeve&#8217;s Handwritten Label<\/figcaption><\/figure><\/li><li class=\"blocks-gallery-item\"><figure><img loading=\"lazy\" decoding=\"async\" width=\"768\" height=\"1024\" src=\"https:\/\/blogs.rollins.edu\/bakermuseum\/wp-content\/uploads\/2020\/05\/Stone-768x1024.jpg\" alt=\"\" data-id=\"299\" data-full-url=\"https:\/\/blogs.rollins.edu\/bakermuseum\/wp-content\/uploads\/2020\/05\/Stone-scaled.jpg\" data-link=\"https:\/\/blogs.rollins.edu\/bakermuseum\/the-reeve-bequest\/artifacts-in-the-reeve-bequest\/stone-from-the-interior-of-the-mosque-of-sultan-hassan-cairo\/stone\/\" class=\"wp-image-299\" srcset=\"https:\/\/blogs.rollins.edu\/bakermuseum\/wp-content\/uploads\/2020\/05\/Stone-768x1024.jpg 768w, https:\/\/blogs.rollins.edu\/bakermuseum\/wp-content\/uploads\/2020\/05\/Stone-225x300.jpg 225w, https:\/\/blogs.rollins.edu\/bakermuseum\/wp-content\/uploads\/2020\/05\/Stone-1152x1536.jpg 1152w, https:\/\/blogs.rollins.edu\/bakermuseum\/wp-content\/uploads\/2020\/05\/Stone-1536x2048.jpg 1536w, https:\/\/blogs.rollins.edu\/bakermuseum\/wp-content\/uploads\/2020\/05\/Stone-1x1.jpg 1w, https:\/\/blogs.rollins.edu\/bakermuseum\/wp-content\/uploads\/2020\/05\/Stone-scaled.jpg 1920w\" sizes=\"auto, (max-width: 768px) 100vw, 768px\" \/><figcaption class=\"blocks-gallery-item__caption\">Fragment of Stone from the Mosque of Sultan Hassan<\/figcaption><\/figure><\/li><li class=\"blocks-gallery-item\"><figure><img loading=\"lazy\" decoding=\"async\" width=\"768\" height=\"1024\" src=\"https:\/\/blogs.rollins.edu\/bakermuseum\/wp-content\/uploads\/2020\/05\/1024px-Le_Kaire_Cairo._Vue_perspective_int\u00e9rieure_de_la_Mosqu\u00e9e_de_Soult\u00e2n_Hasan_NYPL_b14212718-1268748-768x1024.jpg\" alt=\"\" data-id=\"301\" data-full-url=\"https:\/\/blogs.rollins.edu\/bakermuseum\/wp-content\/uploads\/2020\/05\/1024px-Le_Kaire_Cairo._Vue_perspective_int\u00e9rieure_de_la_Mosqu\u00e9e_de_Soult\u00e2n_Hasan_NYPL_b14212718-1268748.jpg\" data-link=\"https:\/\/blogs.rollins.edu\/bakermuseum\/the-reeve-bequest\/artifacts-in-the-reeve-bequest\/nail-fragment-from-the-beauchamp-tower-tower-of-london\/1024px-le_kaire_cairo-_vue_perspective_interieure_de_la_mosquee_de_soultan_hasan_nypl_b14212718-1268748\/\" class=\"wp-image-301\" srcset=\"https:\/\/blogs.rollins.edu\/bakermuseum\/wp-content\/uploads\/2020\/05\/1024px-Le_Kaire_Cairo._Vue_perspective_int\u00e9rieure_de_la_Mosqu\u00e9e_de_Soult\u00e2n_Hasan_NYPL_b14212718-1268748-768x1024.jpg 768w, https:\/\/blogs.rollins.edu\/bakermuseum\/wp-content\/uploads\/2020\/05\/1024px-Le_Kaire_Cairo._Vue_perspective_int\u00e9rieure_de_la_Mosqu\u00e9e_de_Soult\u00e2n_Hasan_NYPL_b14212718-1268748-225x300.jpg 225w, https:\/\/blogs.rollins.edu\/bakermuseum\/wp-content\/uploads\/2020\/05\/1024px-Le_Kaire_Cairo._Vue_perspective_int\u00e9rieure_de_la_Mosqu\u00e9e_de_Soult\u00e2n_Hasan_NYPL_b14212718-1268748-1x1.jpg 1w, https:\/\/blogs.rollins.edu\/bakermuseum\/wp-content\/uploads\/2020\/05\/1024px-Le_Kaire_Cairo._Vue_perspective_int\u00e9rieure_de_la_Mosqu\u00e9e_de_Soult\u00e2n_Hasan_NYPL_b14212718-1268748.jpg 1024w\" sizes=\"auto, (max-width: 768px) 100vw, 768px\" \/><figcaption class=\"blocks-gallery-item__caption\">Interior of the Mosque of Sultan Hassan<\/figcaption><\/figure><\/li><li class=\"blocks-gallery-item\"><figure><img loading=\"lazy\" decoding=\"async\" width=\"1024\" height=\"768\" src=\"https:\/\/blogs.rollins.edu\/bakermuseum\/wp-content\/uploads\/2020\/05\/Mosque-Madrassa_of_Sultan_Hassan_-_Exterior-1024x768.jpg\" alt=\"\" data-id=\"300\" data-full-url=\"https:\/\/blogs.rollins.edu\/bakermuseum\/wp-content\/uploads\/2020\/05\/Mosque-Madrassa_of_Sultan_Hassan_-_Exterior.jpg\" data-link=\"https:\/\/blogs.rollins.edu\/bakermuseum\/the-reeve-bequest\/artifacts-in-the-reeve-bequest\/stone-from-the-interior-of-the-mosque-of-sultan-hassan-cairo\/mosque-madrassa_of_sultan_hassan_-_exterior\/\" class=\"wp-image-300\" srcset=\"https:\/\/blogs.rollins.edu\/bakermuseum\/wp-content\/uploads\/2020\/05\/Mosque-Madrassa_of_Sultan_Hassan_-_Exterior-1024x768.jpg 1024w, https:\/\/blogs.rollins.edu\/bakermuseum\/wp-content\/uploads\/2020\/05\/Mosque-Madrassa_of_Sultan_Hassan_-_Exterior-300x225.jpg 300w, https:\/\/blogs.rollins.edu\/bakermuseum\/wp-content\/uploads\/2020\/05\/Mosque-Madrassa_of_Sultan_Hassan_-_Exterior-768x576.jpg 768w, https:\/\/blogs.rollins.edu\/bakermuseum\/wp-content\/uploads\/2020\/05\/Mosque-Madrassa_of_Sultan_Hassan_-_Exterior-1x1.jpg 1w, https:\/\/blogs.rollins.edu\/bakermuseum\/wp-content\/uploads\/2020\/05\/Mosque-Madrassa_of_Sultan_Hassan_-_Exterior.jpg 1500w\" sizes=\"auto, (max-width: 1024px) 100vw, 1024px\" \/><figcaption class=\"blocks-gallery-item__caption\">Exterior of the Mosque of Sultan Hassan<br>By Ahmedalbadawy https:\/\/commons.wikimedia.org\/wiki\/File:Mosque-Madrassa_of_Sultan_Hassan_-_Exterior.jpg<\/figcaption><\/figure><\/li><\/ul><\/figure>\n\n\n\n<ul class=\"wp-block-list\"><li>Cairo, Egypt | 30.0323\u00b0 N, 31.2562\u00b0 E<\/li><li>Acquired by General Reeve in January of 1889<\/li><li>BM# 1948.64.093<\/li><\/ul>\n\n\n\n<p>This stone, sand-white in color, was taken from the Mosque of Sultan Hassan in Cairo, Egypt during General Reeve\u2019s expedition to Cairo in 1889. The Mosque was built in the medieval period, meant to be a mausoleum for the Sultan Hassan(AD 1356-1363) (Behrens-Abouseif, D. 2007). The exact location in the mosque from which the stone was taken is unclear.<\/p>\n\n\n\n<p>In his book,&nbsp;<em>How We Went and What We Saw: A Flying Trip Through Egypt, Syria, and the \u00c6gean Islands<\/em>, Reeve, as his title suggests, recounts the sights he encountered during his trip. Reeve travelled from Alexandria to Cairo by train and he is impressed by the fertility of the Nile soil. In describing the mosque of Sultan Hassan, he is mostly left with the impression of a building \u201ccrumbling to decay\u201d from close but as \u201cmysteries as well as marvels in stone\u201d from afar. Reeve does not mention the piece of stone he collected as a souvenir from the monument. (Reeve 1891, 46-47)<\/p>\n\n\n\n<p>This stone marks Reeve\u2019s travel to the monument in 1887. Reeve mentions that the stone came from the interior of the Mosque.<\/p>\n\n\n\n<p>The Mosque of Sultan Hassan was inaugurated in AD 1356, during the rule of the Mamluk Dynasty. The Sultan wished to have it as his mausoleum, yet he was assassinated in AD 1361 before it was finished. His body was never found, so it could never be buried in the building, even though its construction continued. The mosque was meant to be the tallest and greatest building in the world to act as a symbol for Sultan Hassan\u2019s power and wealth, as customary for Mamluk architecture. The Mamluks were foreign rulers and were newly converted to Islam, creating a need to legitimize themselves to the Muslim population. Much of the architecture of this time period is focused on scale to reflect power, with special emphasis on religious architecture to prove devotion. This large-scale construction was made possible by Mamluk control of Egypt and Levant, two important and wealthy regions with a strategic position on the spice route. This, along with agriculture and manufacture goods, caused the economy to prosper and allowed for such ambitious architecture. (Mahmoud, F. 2016)<\/p>\n\n\n\n<p>The fa\u00e7ade of the mosque is made with stone and some marble detailing. The original dome was made of wood and was covered in lead, yet it collapsed in AD 1671 and was replaced with the one that Reeve would have seen, and that still exists today. (Mahmoud, F. 2016)<\/p>\n\n\n\n<h2 class=\"wp-block-heading\">For Further Reading<\/h2>\n\n\n\n<ul class=\"wp-block-list\"><li>Al-Harithy, H. 2001. &#8220;The Concept of Space in Mamluk Architecture.&#8221;&nbsp;<em>Muqarnas Online<\/em>&nbsp;18, no.&nbsp;1: 73-93.&nbsp;<a href=\"https:\/\/doi.org\/10.2307\/1523302\">https:\/\/doi.org\/10.2307\/1523302<\/a><\/li><li>At\u0131l, E., and National Museum of Natural History. 1981.&nbsp;<em>Renaissance of Islam: Art of the&nbsp;Mamluks.<\/em>&nbsp;Washington, D.C.: Smithsonian Institution Press.<\/li><li>Abdin, T. 2010. &#8220;A historic perspective of the architecture of the Islamic world with special&nbsp;reference to Cairo.&#8221;&nbsp;<a href=\"https:\/\/www.academia.edu\/396379\/A_historic_perspective_of_the_architecture_of_the_Islamic_world_with_special_reference_to_Cairo\">https:\/\/www.academia.edu\/396379\/A_historic_perspective_of_the_architecture_of_the_Islamic_world_with_special_reference_to_Cairo<\/a><\/li><li>Behrens-Abouseif, D. 2007. \u201cThe madrasa and Friday mosque of Sultan Hasan (1356-63).\u201d In&nbsp;<em>Cairo of the Mamluks : A History of the Architecture and its Culture<\/em>. 201\u2013213. London: I.B. Tauris.&nbsp;<\/li><li>Mahmoud, F. 2016. \u201cThe Aesthetical Aspects for Monumentality of Mamluk Architecture&nbsp;Reasons and Analysis. Study Case: Sultan Hassan Complex in Cairo.\u201d&nbsp;<em>Journal of Architecture, Art &amp; Humanistic Science<\/em>&nbsp;1, no. 4 (autumn): 1-11.&nbsp;<a href=\"https:\/\/doi.org\/10.12816\/0036588\">https:\/\/doi.org\/10.12816\/0036588<\/a><\/li><li>O\u2019Kane, B. 2016.&nbsp;<em>The Mosques of Egypt<\/em>. New York: American University in Cairo Press.<\/li><li>Reeve, C.M. 1891.&nbsp;<em>How We Went and What We Saw: A Flying Trip Through Egypt, Syria, and&nbsp;the \u00c6gean Islands<\/em>. 38-47. New York: The Knickerbocker Press.&nbsp;<a href=\"https:\/\/books.google.com\/books?id=XAZBAAAAYAAJ&amp;printsec=frontcover&amp;source=gbs_ge_summary_r&amp;cad=0#v=onepage&amp;q=sultan%20hassan&amp;f=false\">https:\/\/books.google.com\/books?id=XAZBAAAAYAAJ&amp;printsec=frontcover&amp;source=gbs_ge_summary_r&amp;cad=0#v=onepage&amp;q=sultan%20hassan&amp;f=false<\/a><\/li><\/ul>\n\n\n\n<p><\/p>\n","protected":false},"excerpt":{"rendered":"<p>Cairo, Egypt | 30.0323\u00b0 N, 31.2562\u00b0 E Acquired by General Reeve in January of 1889 BM# 1948.64.093 This stone, sand-white in color, was taken from the Mosque of Sultan Hassan in Cairo, Egypt during General Reeve\u2019s expedition to Cairo in 1889. The Mosque was built in the medieval period, meant to be a mausoleum for [&hellip;]<\/p>\n","protected":false},"author":7,"featured_media":0,"parent":422,"menu_order":0,"comment_status":"closed","ping_status":"closed","template":"full-width.php","meta":{"_exactmetrics_skip_tracking":false,"_exactmetrics_sitenote_active":false,"_exactmetrics_sitenote_note":"","_exactmetrics_sitenote_category":0,"footnotes":""},"class_list":["post-45","page","type-page","status-publish","hentry"],"_links":{"self":[{"href":"https:\/\/blogs.rollins.edu\/bakermuseum\/wp-json\/wp\/v2\/pages\/45","targetHints":{"allow":["GET"]}}],"collection":[{"href":"https:\/\/blogs.rollins.edu\/bakermuseum\/wp-json\/wp\/v2\/pages"}],"about":[{"href":"https:\/\/blogs.rollins.edu\/bakermuseum\/wp-json\/wp\/v2\/types\/page"}],"author":[{"embeddable":true,"href":"https:\/\/blogs.rollins.edu\/bakermuseum\/wp-json\/wp\/v2\/users\/7"}],"replies":[{"embeddable":true,"href":"https:\/\/blogs.rollins.edu\/bakermuseum\/wp-json\/wp\/v2\/comments?post=45"}],"version-history":[{"count":6,"href":"https:\/\/blogs.rollins.edu\/bakermuseum\/wp-json\/wp\/v2\/pages\/45\/revisions"}],"predecessor-version":[{"id":546,"href":"https:\/\/blogs.rollins.edu\/bakermuseum\/wp-json\/wp\/v2\/pages\/45\/revisions\/546"}],"up":[{"embeddable":true,"href":"https:\/\/blogs.rollins.edu\/bakermuseum\/wp-json\/wp\/v2\/pages\/422"}],"wp:attachment":[{"href":"https:\/\/blogs.rollins.edu\/bakermuseum\/wp-json\/wp\/v2\/media?parent=45"}],"curies":[{"name":"wp","href":"https:\/\/api.w.org\/{rel}","templated":true}]}}